{"id":1287,"date":"2017-08-20T12:30:32","date_gmt":"2017-08-20T10:30:32","guid":{"rendered":"http:\/\/www.griffity.de\/about-us\/karriere\/"},"modified":"2018-06-28T15:27:11","modified_gmt":"2018-06-28T13:27:11","slug":"career","status":"publish","type":"page","link":"https:\/\/www.griffity.de\/en\/about-us\/career\/","title":{"rendered":"Career"},"content":{"rendered":"<div class=\"wpb-content-wrapper\">[vc_row fullwidth=&#8221;true&#8221; fullwidth_content=&#8221;false&#8221; css=&#8221;.vc_custom_1530192428501{border-bottom-width: 60px !important;padding-top: 280px !important;background-image: url(https:\/\/www.griffity.de\/wp-content\/uploads\/2017\/08\/Eyes-1.jpg?id=457) !important;background-position: center !important;background-repeat: no-repeat !important;background-size: cover !important;}&#8221;][vc_column][\/vc_column][\/vc_row][vc_row fullwidth=&#8221;true&#8221; fullwidth_content=&#8221;false&#8221;][vc_column][vc_wp_custommenu nav_menu=&#8221;16&#8243; el_class=&#8221;sub-menu-inpage&#8221;][vc_empty_space][vc_column_text el_class=&#8221;inner_content_bg&#8221; css=&#8221;.vc_custom_1518539427618{margin-bottom: 0px !important;}&#8221;]\n<h1>We welcome talent<\/h1>\n[\/vc_column_text][vc_empty_space][vc_column_text css=&#8221;.vc_custom_1518539446489{margin-bottom: 0px !important;}&#8221;]Are you dedicated and passionate at what you do? Are you keen on high-tech, do you have organisational skills, motivation, and a sense of responsibility, or are you a project manager with fresh ideas and zest? We\u2019d welcome your on-spec application for a marketing and advertising agency that will put you through your paces.<\/p>\n<p>We look forward to hearing from you.[\/vc_column_text][vc_empty_space][vc_separator][vc_column_text el_class=&#8221;inner_content_bg hide&#8221; css=&#8221;.vc_custom_1512483021121{margin-bottom: 0px !important;}&#8221;]\n<h2>Office Manager\/Team Assistenz (m\/w)<\/h2>\n[\/vc_column_text][vc_row_inner el_class=&#8221;hide&#8221;][vc_column_inner width=&#8221;2\/3&#8243; css=&#8221;.vc_custom_1512479622080{padding-left: 0px !important;}&#8221;][vc_column_text css=&#8221;.vc_custom_1512480426118{margin-bottom: 0px !important;}&#8221;]<strong>Professionell \u2013 kreativ \u2013 teamorientiert:<\/strong>\u00a0Das sch\u00e4tzen unsere Kunden am griffity-Agenturteam. Und diese Eigenschaften zeichnen auch jeden einzelnen unserer Mitarbeiter aus \u2013 in seinem jeweiligen Bereich. Unser neuer Office Manager sollte Profi in Sachen B\u00fcroorganisation sein, kreativ, wenn es um die Anliegen und W\u00fcnsche unserer Kunden geht und ein Teamplayer wenn es hei\u00dft: \u201eJetzt m\u00fcssen alle mal anfassen\u201c. Wenn das auf Sie zutrifft sollten wir uns kennenlernen!<\/p>\n<p><strong>Ihre Aufgaben im \u00dcberblick<\/strong><\/p>\n<ul>\n<li>Das gesamte B\u00fcro-Tagesgesch\u00e4ft ist Ihr Terrain, das Sie eigenverantwortlich und vorausschauend organisieren<\/li>\n<li>Sie sind der erste Ansprechpartner f\u00fcr eingehende Telefonate und unsere Besucher<\/li>\n<li>Die Verwaltung der Werbemittel-Lager unserer Kunden ist eine Ihrer Aufgaben wie auch die Erstellung und termingerechte Versendung von Tagungs- und Brandingmaterial<\/li>\n<li>Sie bearbeiten die ein- und ausgehende Post und sind f\u00fcr das interne Bestellwesen zust\u00e4ndig<\/li>\n<li>Sie unterst\u00fctzen die Organisation von Kunden-Veranstaltungen sowie internen Meetings<\/li>\n<li>Sie wirken in verschiedenen Agentur-Projekten mit<\/li>\n<li>Sie k\u00fcmmern sich um die Datenerfassung sowie -aktualisierungen<\/li>\n<li>Sie unterst\u00fctzen das Team bei allen Agenturaufgaben wie Aktualisierung der Homepage, Facebook-Posts, Einrichtung von Hotelkontingenten, Werbemittel-Recherche, Erstellung von Angeboten<\/li>\n<\/ul>\n<p><strong>Ihr Profil<\/strong><\/p>\n<ul>\n<li>Sie verf\u00fcgen \u00fcber eine abgeschlossene kaufm\u00e4nnische Ausbildung, idealerweise aus dem Dienstleistungs- oder Hotelbereich und haben dort einige Jahre Berufserfahrung gesammelt<\/li>\n<li>Ihre Arbeitsweise ist selbstst\u00e4ndig, pr\u00e4zise, strukturiert und Sie sind auch in hektischen Situationen stets souver\u00e4n, engagiert und zuverl\u00e4ssig<\/li>\n<li>Sie verf\u00fcgen \u00fcber eine schnelle Auffassungsgabe und ein hohes Ma\u00df an Genauigkeit<\/li>\n<li>Im Umgang mit MS Office sind Sie versiert und routiniert<\/li>\n<li>Sie beherrschen die englische und deutsche Sprache flie\u00dfend in Wort und Schrift<\/li>\n<li>Sie zeichnen sich durch sicheres und kundenorientiertes Auftreten aus<\/li>\n<li>Eine positive Ausstrahlung, h\u00f6fliche Umgangsformen und ein gepflegtes und repr\u00e4sentatives Erscheinungsbild verstehen sich von selbst<\/li>\n<\/ul>\n<p><strong>Wir bieten<\/strong><\/p>\n<ul>\n<li>Ein innovatives, kreatives und farbenfrohes Arbeitsumfeld mit Raum f\u00fcr neue Ideen sowie hohe Verantwortung<\/li>\n<li>Ein vielf\u00e4ltiges und interessantes Kundenportfolio (Adobe, Check Point Software Technologies, Symantec, HPE uvm.)<\/li>\n<li>Ein engagiertes, motiviertes Team und eine unb\u00fcrokratische Struktur<\/li>\n<li>Einen hellen, modernen Arbeitsplatz (kein Gro\u00dfraumb\u00fcro)<\/li>\n<li>Eine krisensichere, unbefristete Festanstellung mit leistungsgerechter Verg\u00fctung<\/li>\n<\/ul>\n[\/vc_column_text][\/vc_column_inner][vc_column_inner width=&#8221;1\/3&#8243;][\/vc_column_inner][\/vc_row_inner][vc_column_text el_class=&#8221;hide&#8221; css=&#8221;.vc_custom_1512483044560{margin-bottom: 0px !important;}&#8221;]<strong>Interessiert?<\/strong>\u00a0Dann freuen wir uns \u00fcber eine aussagekr\u00e4ftige Bewerbung inkl. Gehaltsvorstellung und fr\u00fchestem Eintrittstermin. Bitte richten Sie Ihre Bewerbung an:<\/p>\n<p><strong>Griffity GmbH<br \/>\n<\/strong>Hanns-Schwindt-Str. 8<br \/>\n81829 M\u00fcnchen<\/p>\n<p>oder per E-Mail an:\u00a0<strong><span id=\"cloak18234\"><a href=\"mailto:evi.garabed@griffity.de\">evi.garabed@griffity.de<br \/>\n<\/a><\/span><\/strong>F\u00fcr R\u00fcckfragen steht wir Ihnen unter: 089 43 669 20 gerne zur Verf\u00fcgung.[\/vc_column_text][\/vc_column][\/vc_row][vc_row][vc_column][vc_empty_space height=&#8221;60px&#8221;][\/vc_column][\/vc_row]\n<\/div>","protected":false},"excerpt":{"rendered":"<p>[vc_row fullwidth=&#8221;true&#8221; fullwidth_content=&#8221;false&#8221; css=&#8221;.vc_custom_1530192428501{border-bottom-width: 60px !important;padding-top: 280px !important;background-image: url(https:\/\/www.griffity.de\/wp-content\/uploads\/2017\/08\/Eyes-1.jpg?id=457) !important;background-position: center !important;background-repeat: no-repeat !important;background-size: cover !important;}&#8221;][vc_column][\/vc_column][\/vc_row][vc_row fullwidth=&#8221;true&#8221; fullwidth_content=&#8221;false&#8221;][vc_column][vc_wp_custommenu nav_menu=&#8221;16&#8243; el_class=&#8221;sub-menu-inpage&#8221;][vc_empty_space][vc_column_text el_class=&#8221;inner_content_bg&#8221; css=&#8221;.vc_custom_1518539427618{margin-bottom: 0px !important;}&#8221;] We welcome talent [\/vc_column_text][vc_empty_space][vc_column_text css=&#8221;.vc_custom_1518539446489{margin-bottom: 0px !important;}&#8221;]Are you dedicated and passionate at what you do? Are you keen on high-tech, do you have organisational skills, motivation, and a sense of responsibility, [&hellip;]<\/p>\n","protected":false},"author":5,"featured_media":0,"parent":1279,"menu_order":0,"comment_status":"closed","ping_status":"closed","template":"","meta":{"footnotes":""},"class_list":["post-1287","page","type-page","status-publish","hentry"],"_links":{"self":[{"href":"https:\/\/www.griffity.de\/en\/wp-json\/wp\/v2\/pages\/1287","targetHints":{"allow":["GET"]}}],"collection":[{"href":"https:\/\/www.griffity.de\/en\/wp-json\/wp\/v2\/pages"}],"about":[{"href":"https:\/\/www.griffity.de\/en\/wp-json\/wp\/v2\/types\/page"}],"author":[{"embeddable":true,"href":"https:\/\/www.griffity.de\/en\/wp-json\/wp\/v2\/users\/5"}],"replies":[{"embeddable":true,"href":"https:\/\/www.griffity.de\/en\/wp-json\/wp\/v2\/comments?post=1287"}],"version-history":[{"count":2,"href":"https:\/\/www.griffity.de\/en\/wp-json\/wp\/v2\/pages\/1287\/revisions"}],"predecessor-version":[{"id":1509,"href":"https:\/\/www.griffity.de\/en\/wp-json\/wp\/v2\/pages\/1287\/revisions\/1509"}],"up":[{"embeddable":true,"href":"https:\/\/www.griffity.de\/en\/wp-json\/wp\/v2\/pages\/1279"}],"wp:attachment":[{"href":"https:\/\/www.griffity.de\/en\/wp-json\/wp\/v2\/media?parent=1287"}],"curies":[{"name":"wp","href":"https:\/\/api.w.org\/{rel}","templated":true}]}}